{"id":2668,"date":"2023-12-28T14:37:14","date_gmt":"2023-12-28T13:37:14","guid":{"rendered":"https:\/\/www.actingforsuccess.com\/wp_deutsch\/?page_id=2668"},"modified":"2025-02-04T21:01:33","modified_gmt":"2025-02-04T20:01:33","slug":"die-uebung-der-stars","status":"publish","type":"page","link":"https:\/\/www.actingforsuccess.com\/wp_deutsch\/die-uebung-der-stars\/","title":{"rendered":"Die \u00dcbung der Stars"},"content":{"rendered":"\t\t<div data-elementor-type=\"wp-page\" data-elementor-id=\"2668\" class=\"elementor elementor-2668\" data-elementor-settings=\"[]\">\n\t\t\t\t\t\t<div class=\"elementor-inner\">\n\t\t\t\t\t\t\t<div class=\"elementor-section-wrap\">\n\t\t\t\t\t\t\t<section class=\"elementor-section elementor-top-section elementor-element elementor-element-3146004 elementor-section-boxed elementor-section-height-default elementor-section-height-default\" data-id=\"3146004\" data-element_type=\"section\">\n\t\t\t\t\t\t<div class=\"elementor-container elementor-column-gap-default\">\n\t\t\t\t\t\t\t<div class=\"elementor-row\">\n\t\t\t\t\t<div class=\"elementor-column elementor-col-100 elementor-top-column elementor-element elementor-element-afec40d\" data-id=\"afec40d\" data-element_type=\"column\">\n\t\t\t<div class=\"elementor-column-wrap elementor-element-populated\">\n\t\t\t\t\t\t\t<div class=\"elementor-widget-wrap\">\n\t\t\t\t\t\t<div class=\"elementor-element elementor-element-c65d9f3 elementor-widget elementor-widget-heading\" data-id=\"c65d9f3\" data-element_type=\"widget\" data-widget_type=\"heading.default\">\n\t\t\t\t<div class=\"elementor-widget-container\">\n\t\t\t<h1 class=\"elementor-heading-title elementor-size-default\">Die \u00dcbung der Stars<\/h1>\t\t<\/div>\n\t\t\t\t<\/div>\n\t\t\t\t<div class=\"elementor-element elementor-element-e97cc90 elementor-widget elementor-widget-heading\" data-id=\"e97cc90\" data-element_type=\"widget\" data-widget_type=\"heading.default\">\n\t\t\t\t<div class=\"elementor-widget-container\">\n\t\t\t<h2 class=\"elementor-heading-title elementor-size-default\">Top Secret: \nWas Stars kurz vor ihrem Auftritt machen, um Lampenfieber in Power und Pr\u00e4senz zu verwandeln statt Druck und Stress zu erliegen.\nPscht! Diese \u00dcbung wurde schon vor so mancher Oscarverleihung gemacht!<\/h2>\t\t<\/div>\n\t\t\t\t<\/div>\n\t\t\t\t\t\t<\/div>\n\t\t\t\t\t<\/div>\n\t\t<\/div>\n\t\t\t\t\t\t\t\t<\/div>\n\t\t\t\t\t<\/div>\n\t\t<\/section>\n\t\t\t\t<section class=\"elementor-section elementor-top-section elementor-element elementor-element-083da7d elementor-section-boxed elementor-section-height-default elementor-section-height-default\" data-id=\"083da7d\" data-element_type=\"section\">\n\t\t\t\t\t\t<div class=\"elementor-container elementor-column-gap-default\">\n\t\t\t\t\t\t\t<div class=\"elementor-row\">\n\t\t\t\t\t<div class=\"elementor-column elementor-col-66 elementor-top-column elementor-element elementor-element-fad6c68\" data-id=\"fad6c68\" data-element_type=\"column\">\n\t\t\t<div class=\"elementor-column-wrap elementor-element-populated\">\n\t\t\t\t\t\t\t<div class=\"elementor-widget-wrap\">\n\t\t\t\t\t\t<div class=\"elementor-element elementor-element-2b2714c elementor-widget elementor-widget-image\" data-id=\"2b2714c\" data-element_type=\"widget\" data-widget_type=\"image.default\">\n\t\t\t\t<div class=\"elementor-widget-container\">\n\t\t\t\t\t\t\t\t<div class=\"elementor-image\">\n\t\t\t\t\t\t\t\t\t\t\t\t<img width=\"710\" height=\"399\" src=\"https:\/\/www.actingforsuccess.com\/wp_deutsch\/wp-content\/uploads\/2022\/04\/die_uebung_der_stars_1920x1080_2-1024x576.jpg\" class=\"attachment-large size-large\" alt=\"\" loading=\"lazy\" srcset=\"https:\/\/www.actingforsuccess.com\/wp_deutsch\/wp-content\/uploads\/2022\/04\/die_uebung_der_stars_1920x1080_2-1024x576.jpg 1024w, https:\/\/www.actingforsuccess.com\/wp_deutsch\/wp-content\/uploads\/2022\/04\/die_uebung_der_stars_1920x1080_2-300x169.jpg 300w, https:\/\/www.actingforsuccess.com\/wp_deutsch\/wp-content\/uploads\/2022\/04\/die_uebung_der_stars_1920x1080_2-768x432.jpg 768w, https:\/\/www.actingforsuccess.com\/wp_deutsch\/wp-content\/uploads\/2022\/04\/die_uebung_der_stars_1920x1080_2-1536x864.jpg 1536w, https:\/\/www.actingforsuccess.com\/wp_deutsch\/wp-content\/uploads\/2022\/04\/die_uebung_der_stars_1920x1080_2-1060x596.jpg 1060w, https:\/\/www.actingforsuccess.com\/wp_deutsch\/wp-content\/uploads\/2022\/04\/die_uebung_der_stars_1920x1080_2-550x309.jpg 550w, https:\/\/www.actingforsuccess.com\/wp_deutsch\/wp-content\/uploads\/2022\/04\/die_uebung_der_stars_1920x1080_2-889x500.jpg 889w, https:\/\/www.actingforsuccess.com\/wp_deutsch\/wp-content\/uploads\/2022\/04\/die_uebung_der_stars_1920x1080_2.jpg 1920w\" sizes=\"(max-width: 710px) 100vw, 710px\" \/>\t\t\t\t\t\t\t\t\t\t\t\t\t\t<\/div>\n\t\t\t\t\t\t<\/div>\n\t\t\t\t<\/div>\n\t\t\t\t<div class=\"elementor-element elementor-element-5bb6ae5 elementor-widget elementor-widget-text-editor\" data-id=\"5bb6ae5\" data-element_type=\"widget\" data-widget_type=\"text-editor.default\">\n\t\t\t\t<div class=\"elementor-widget-container\">\n\t\t\t\t\t\t\t\t<div class=\"elementor-text-editor elementor-clearfix\">\n\t\t\t\t<p>Dein Auftritt beginnt in wenigen Minuten.<br \/>Du bist v\u00f6llig au\u00dfer Atem.<br \/>Du hast deinen Text vergessen.<br \/>Und dein Anzug \/ dein Kost\u00fcm sitzt nicht.<br \/>Wenn du dich doch nur in Luft aufl\u00f6sen k\u00f6nntest.<\/p><p><strong><span style=\"color: #9b8b61;\">Mache jetzt gemeinsam mit mir die \u00dcbung, die Stars kurz vor ihrem Auftritt machen, um ihr Lampenfieber zu \u00fcberwinden und authentisch, \u00fcberzeugend und souver\u00e4n vor ihr Publikum zu treten.<\/span><\/strong><\/p><p><strong><span style=\"color: #9b8b61;\">STRAHLE AUCH DU WIE EIN STAR VON DER LEINWAND UND SPRENGE DEN BILDSCHIRM! WERDE ZUM STAR AUF DEINEM BUSINESS-PARKETT!<\/span><\/strong><br \/><strong><span style=\"color: #9b8b61;\">NUTZE JEDE GELEGENHEIT, EIN BILD, EIN IMAGE, ABZUGEBEN, DAS SICH EINPR\u00c4GT!<\/span><\/strong><\/p><p>Bleibe durch das bewusste Lenken deines Atemrhythmus in jeder Situation zentriert und entspannt.<\/p><p>So baust du eine kraftvolle Stimme auf. Stimme erzeugt Stimmung und dadurch Wirkung.<\/p><p>Mit dieser m\u00e4chtigen Technik gelingt es dir, in jeder Situation (Gespr\u00e4ch, Verhandlung, Meeting, Diskussion, Interview), auch in turbulenten Zeiten, dein Publikum mit einer brillianten \u201efirst impression\u201c, mit einem strahlenden Bild, mit einem top Image zu beeindrucken.<\/p><p>Legen wir sofort los! <br \/>Ich mache die \u00dcbung gemeinsam mit dir!<\/p>\t\t\t\t\t<\/div>\n\t\t\t\t\t\t<\/div>\n\t\t\t\t<\/div>\n\t\t\t\t\t\t<\/div>\n\t\t\t\t\t<\/div>\n\t\t<\/div>\n\t\t\t\t<div class=\"elementor-column elementor-col-33 elementor-top-column elementor-element elementor-element-b21133f\" data-id=\"b21133f\" data-element_type=\"column\">\n\t\t\t<div class=\"elementor-column-wrap elementor-element-populated\">\n\t\t\t\t\t\t\t<div class=\"elementor-widget-wrap\">\n\t\t\t\t\t\t<div class=\"elementor-element elementor-element-a68fb48 elementor-widget elementor-widget-heading\" data-id=\"a68fb48\" data-element_type=\"widget\" data-widget_type=\"heading.default\">\n\t\t\t\t<div class=\"elementor-widget-container\">\n\t\t\t<h3 class=\"elementor-heading-title elementor-size-default\">Jetzt kostenlos anmelden!<\/h3>\t\t<\/div>\n\t\t\t\t<\/div>\n\t\t\t\t<div class=\"elementor-element elementor-element-df3bf45 elementor-widget elementor-widget-html\" data-id=\"df3bf45\" data-element_type=\"widget\" data-widget_type=\"html.default\">\n\t\t\t\t<div class=\"elementor-widget-container\">\n\t\t\t<style>@media screen and (min-width: 768px) {\r\n.input-text { max-width: 100%;}}<\/style><div class=\"_form_5\"><\/div><script src=\"https:\/\/actingforsuccess.activehosted.com\/f\/embed.php?id=5\" type=\"text\/javascript\" charset=\"utf-8\"><\/script>\t\t<\/div>\n\t\t\t\t<\/div>\n\t\t\t\t<div class=\"elementor-element elementor-element-66534da elementor-widget elementor-widget-text-editor\" data-id=\"66534da\" data-element_type=\"widget\" data-widget_type=\"text-editor.default\">\n\t\t\t\t<div class=\"elementor-widget-container\">\n\t\t\t\t\t\t\t\t<div class=\"elementor-text-editor elementor-clearfix\">\n\t\t\t\t<p style=\"text-align: center;\">Deine Daten sind bei mir sicher, sie unterliegen dem <a href=\"https:\/\/www.actingforsuccess.com\/wp_deutsch\/datenschutzerklaerung\/\">Datenschutz<\/a>! Du bekommst weiterhin wertvolle Informationen f\u00fcr deinen authentischen Starauftritt. Du kannst dich selbstverst\u00e4ndlich jederzeit wieder abmelden.<\/p>\t\t\t\t\t<\/div>\n\t\t\t\t\t\t<\/div>\n\t\t\t\t<\/div>\n\t\t\t\t<div class=\"elementor-element elementor-element-26c6903 elementor-hidden-tablet elementor-hidden-phone elementor-widget elementor-widget-html\" data-id=\"26c6903\" data-element_type=\"widget\" data-widget_type=\"html.default\">\n\t\t\t\t<div class=\"elementor-widget-container\">\n\t\t\t<?xml version=\"1.0\" encoding=\"utf-8\"?>\r\n<!-- Generator: Adobe Illustrator 16.0.0, SVG Export Plug-In . SVG Version: 6.00 Build 0)  -->\r\n<!DOCTYPE svg PUBLIC \"-\/\/W3C\/\/DTD SVG 1.1\/\/EN\" \"http:\/\/www.w3.org\/Graphics\/SVG\/1.1\/DTD\/svg11.dtd\">\r\n<svg version=\"1.1\" id=\"Ebene_1\" xmlns=\"http:\/\/www.w3.org\/2000\/svg\" xmlns:xlink=\"http:\/\/www.w3.org\/1999\/xlink\" x=\"0px\" y=\"0px\"\r\n\t width=\"280px\" height=\"280px\" viewBox=\"0 0 1280 1277\">\r\n<g transform=\"translate(0.000000,1277.000000) scale(0.10000,-0.10000)\" fill=\"#9b8b61\">\r\n\t<path d=\"M10840.741,11888.412c-3.516,0.005-6.152-7.871-6.133-16.616c-0.01-9.629-14.023-70-30.684-134.736\r\n\t\tc-112.207-433.936-407.373-1051.533-856.572-1790.674c-342.383-564.199-788.037-1220.225-1241.572-1829.873\r\n\t\tc-56.904-76.094-101.563-138.198-100.693-138.193c1.748-0.005,63.018,28.843,137.402,64.688\r\n\t\tc434.971,208.042,904.033,367.93,1296.924,441.245l84.873,15.718l-5.244-31.499c-171.963-986.899-595-1914.174-1243.76-2727.602\r\n\t\tc-554.189-694.463-1296.455-1329.346-2156.796-1844.297c-1470.371-880.42-3274.839-1450.947-5193.75-1640.781\r\n\t\tc-120.752-12.197-270.381-24.375-332.505-27.842c-217.876-11.279-132.124-16.563,216.978-14.111\r\n\t\tc354.375,2.451,930.976-9.18,1213.589-25.059c566.968-32.637,1005.307-101.094,1274.746-200.967\r\n\t\tc450.542-166.455,532.656-436.875,247.231-816.465c-70.039-93.594-248.623-281.631-363.286-382.207l-61.274-54.199l74.38,5.205\r\n\t\tc41.123,3.467,132.998,11.309,205.63,18.271C5796.621,930.83,7455.165,1943.261,8794.696,3684.707\r\n\t\tc806.348,1047.861,1478.066,2367.012,1836.523,3605.801c106.924,369.199,190.234,765.517,220.098,1041.127\r\n\t\tc5.283,53.359,13.164,98.862,15.811,103.237c13.125,13.994,242.314-81.494,423.389-176.069\r\n\t\tc279.932-145.381,507.354-312.607,746.982-548.091c69.082-67.393,125.059-119.048,125.068-115.547\r\n\t\tc-0.01,3.491-41.943,123.384-92.617,266.03c-601.201,1684.604-1050.254,3152.163-1202.129,3923.965\r\n\t\tC10856.474,11842.03,10845.116,11888.407,10840.741,11888.412z\"\/>\r\n<\/g>\r\n<\/svg>\r\n\t\t<\/div>\n\t\t\t\t<\/div>\n\t\t\t\t\t\t<\/div>\n\t\t\t\t\t<\/div>\n\t\t<\/div>\n\t\t\t\t\t\t\t\t<\/div>\n\t\t\t\t\t<\/div>\n\t\t<\/section>\n\t\t\t\t<section class=\"elementor-section elementor-top-section elementor-element elementor-element-74fabaab elementor-section-boxed elementor-section-height-default elementor-section-height-default\" data-id=\"74fabaab\" data-element_type=\"section\">\n\t\t\t\t\t\t<div class=\"elementor-container elementor-column-gap-default\">\n\t\t\t\t\t\t\t<div class=\"elementor-row\">\n\t\t\t\t\t<div class=\"elementor-column elementor-col-100 elementor-top-column elementor-element elementor-element-3bc4c500\" data-id=\"3bc4c500\" data-element_type=\"column\">\n\t\t\t<div class=\"elementor-column-wrap elementor-element-populated\">\n\t\t\t\t\t\t\t<div class=\"elementor-widget-wrap\">\n\t\t\t\t\t\t<div class=\"elementor-element elementor-element-2fa02bb7 elementor-widget elementor-widget-text-editor\" data-id=\"2fa02bb7\" data-element_type=\"widget\" data-widget_type=\"text-editor.default\">\n\t\t\t\t<div class=\"elementor-widget-container\">\n\t\t\t\t\t\t\t\t<div class=\"elementor-text-editor elementor-clearfix\">\n\t\t\t\t<p style=\"text-align: center;\">\u00a9 2025&nbsp; ALL RIGHTS RESERVED \u2013 ACTING FOR SUCCESS BY LENA REICHMUTH | <a style=\"color: #9b8b61;\" href=\"https:\/\/www.actingforsuccess.com\/wp_deutsch\/contact\/\">CONTACT<\/a>&nbsp;|&nbsp;<a style=\"color: #9b8b61;\" href=\"https:\/\/www.actingforsuccess.com\/wp_deutsch\/datenschutzerklaerung\/\">IMPRESSUM\/AGB\/DATENSCHUTZ<\/a><\/p>\t\t\t\t\t<\/div>\n\t\t\t\t\t\t<\/div>\n\t\t\t\t<\/div>\n\t\t\t\t\t\t<\/div>\n\t\t\t\t\t<\/div>\n\t\t<\/div>\n\t\t\t\t\t\t\t\t<\/div>\n\t\t\t\t\t<\/div>\n\t\t<\/section>\n\t\t\t\t\t\t<\/div>\n\t\t\t\t\t\t<\/div>\n\t\t\t\t\t<\/div>\n\t\t","protected":false},"excerpt":{"rendered":"<p>Die \u00dcbung der Stars Top Secret: Was Stars kurz vor ihrem Auftritt machen, um Lampenfieber in Power und Pr\u00e4senz zu verwandeln statt Druck und Stress zu erliegen. Pscht! Diese \u00dcbung wurde schon vor so mancher Oscarverleihung gemacht! Dein Auftritt beginnt in wenigen Minuten.Du bist v\u00f6llig au\u00dfer Atem.Du hast deinen Text vergessen.Und dein Anzug \/ dein Kost\u00fcm sitzt nicht.Wenn du dich doch nur in Luft aufl\u00f6sen&#8230; <\/p>\n<p class=\"more\"><a class=\"more-link\" href=\"https:\/\/www.actingforsuccess.com\/wp_deutsch\/die-uebung-der-stars\/\">Read More<\/a><\/p>\n","protected":false},"author":1,"featured_media":0,"parent":0,"menu_order":30,"comment_status":"closed","ping_status":"closed","template":"elementor_canvas","meta":[],"aioseo_notices":[],"_links":{"self":[{"href":"https:\/\/www.actingforsuccess.com\/wp_deutsch\/wp-json\/wp\/v2\/pages\/2668"}],"collection":[{"href":"https:\/\/www.actingforsuccess.com\/wp_deutsch\/wp-json\/wp\/v2\/pages"}],"about":[{"href":"https:\/\/www.actingforsuccess.com\/wp_deutsch\/wp-json\/wp\/v2\/types\/page"}],"author":[{"embeddable":true,"href":"https:\/\/www.actingforsuccess.com\/wp_deutsch\/wp-json\/wp\/v2\/users\/1"}],"replies":[{"embeddable":true,"href":"https:\/\/www.actingforsuccess.com\/wp_deutsch\/wp-json\/wp\/v2\/comments?post=2668"}],"version-history":[{"count":41,"href":"https:\/\/www.actingforsuccess.com\/wp_deutsch\/wp-json\/wp\/v2\/pages\/2668\/revisions"}],"predecessor-version":[{"id":7710,"href":"https:\/\/www.actingforsuccess.com\/wp_deutsch\/wp-json\/wp\/v2\/pages\/2668\/revisions\/7710"}],"wp:attachment":[{"href":"https:\/\/www.actingforsuccess.com\/wp_deutsch\/wp-json\/wp\/v2\/media?parent=2668"}],"curies":[{"name":"wp","href":"https:\/\/api.w.org\/{rel}","templated":true}]}}